{"id":1693,"date":"2023-08-31T16:41:51","date_gmt":"2023-08-31T16:41:51","guid":{"rendered":"https:\/\/hackagrifood.lt\/?page_id=1693"},"modified":"2023-10-16T22:09:33","modified_gmt":"2023-10-16T22:09:33","slug":"hack-agrifood23","status":"publish","type":"page","link":"https:\/\/test.hackagrifood.lt\/en\/hack-agrifood23\/","title":{"rendered":"HACK AgriFood&#8217;23"},"content":{"rendered":"<p>[vc_row unlock_row_content=&#8221;yes&#8221; row_height_percent=&#8221;0&#8243; override_padding=&#8221;yes&#8221; h_padding=&#8221;0&#8243; top_padding=&#8221;0&#8243; bottom_padding=&#8221;0&#8243; overlay_alpha=&#8221;50&#8243; equal_height=&#8221;yes&#8221; gutter_size=&#8221;0&#8243; column_width_percent=&#8221;100&#8243; shift_y=&#8221;0&#8243; z_index=&#8221;0&#8243; uncode_shortcode_id=&#8221;126440&#8243; row_name=&#8221;apie&#8221;][vc_column column_width_percent=&#8221;100&#8243; gutter_size=&#8221;3&#8243; override_padding=&#8221;yes&#8221; column_padding=&#8221;5&#8243; back_color=&#8221;color-179054&#8243; overlay_alpha=&#8221;50&#8243; shift_x=&#8221;0&#8243; shift_y=&#8221;0&#8243; shift_y_down=&#8221;0&#8243; z_index=&#8221;0&#8243; medium_width=&#8221;0&#8243; mobile_width=&#8221;0&#8243; width=&#8221;1\/2&#8243; uncode_shortcode_id=&#8221;671329&#8243; back_color_type=&#8221;uncode-palette&#8221;][vc_custom_heading text_color=&#8221;color-143686&#8243; uncode_shortcode_id=&#8221;199171&#8243; text_color_type=&#8221;uncode-palette&#8221;]About HACK AgriFood&#8217;23 Challenge Lab[\/vc_custom_heading][vc_column_text uncode_shortcode_id=&#8221;111414&#8243;]HACK AgriFood is coming back with an innotavive concept of the Challenge Lab, initiated by EIT Food. It is the leading food innovation initiative in the European Union aiming for a more sustainable, healthier and more reliable food system across the continent.[\/vc_column_text][vc_column_text uncode_shortcode_id=&#8221;106861&#8243;]Individuals from various fields of interest are invited to participate in the Challenge Labs. When the registration ends, all participants will be divided into teams. During creative workshops, teams will seek to offer creative solutions to the challenges posed by the organizers. They will be supported by experienced mentors throughout the event.[\/vc_column_text][\/vc_column][vc_column column_width_percent=&#8221;100&#8243; gutter_size=&#8221;3&#8243; override_padding=&#8221;yes&#8221; column_padding=&#8221;5&#8243; style=&#8221;dark&#8221; back_color=&#8221;color-823810&#8243; back_image=&#8221;414&#8243; overlay_color=&#8221;color-823810&#8243; overlay_alpha=&#8221;91&#8243; shift_x=&#8221;0&#8243; shift_y=&#8221;0&#8243; shift_y_down=&#8221;0&#8243; z_index=&#8221;0&#8243; medium_width=&#8221;0&#8243; mobile_width=&#8221;0&#8243; width=&#8221;1\/2&#8243; uncode_shortcode_id=&#8221;605435&#8243; back_color_type=&#8221;uncode-palette&#8221; overlay_color_type=&#8221;uncode-palette&#8221;][vc_custom_heading text_color=&#8221;color-143686&#8243; uncode_shortcode_id=&#8221;118238&#8243; text_color_type=&#8221;uncode-palette&#8221;]Why is it worth to participate?[\/vc_custom_heading][uncode_list icon=&#8221;fa fa-check&#8221; icon_color=&#8221;accent&#8221; uncode_shortcode_id=&#8221;170455&#8243; icon_color_type=&#8221;uncode-palette&#8221;]<\/p>\n<ul>\n<li>You will have a chance to win a cash prize (the winning team will be awarded a prize of EUR 2,000).<\/li>\n<li>During the mentoring sessions, you will gain valuable experience and learn from professionals.<\/li>\n<li>You will make new connections with other young innovators from business, academia, industry and other fields.<\/li>\n<li>You will be visible to a wide network of international EIT FOOD partners across Europe.<\/li>\n<\/ul>\n<p>[\/uncode_list][\/vc_column][\/vc_row][vc_row row_height_percent=&#8221;0&#8243; override_padding=&#8221;yes&#8221; h_padding=&#8221;2&#8243; top_padding=&#8221;4&#8243; bottom_padding=&#8221;4&#8243; back_color=&#8221;color-lxmt&#8221; back_image=&#8221;522&#8243; overlay_alpha=&#8221;50&#8243; gutter_size=&#8221;3&#8243; column_width_percent=&#8221;100&#8243; shift_y=&#8221;0&#8243; z_index=&#8221;0&#8243; desktop_visibility=&#8221;yes&#8221; medium_visibility=&#8221;yes&#8221; mobile_visibility=&#8221;yes&#8221; uncode_shortcode_id=&#8221;108822&#8243; row_name=&#8221;naujienos&#8221; back_color_type=&#8221;uncode-palette&#8221;][vc_column width=&#8221;1\/1&#8243;][vc_single_image media=&#8221;748&#8243; media_width_percent=&#8221;34&#8243; uncode_shortcode_id=&#8221;214392&#8243;][vc_row_inner limit_content=&#8221;&#8221;][vc_column_inner column_width_percent=&#8221;100&#8243; gutter_size=&#8221;3&#8243; overlay_alpha=&#8221;50&#8243; shift_x=&#8221;0&#8243; shift_y=&#8221;0&#8243; shift_y_down=&#8221;0&#8243; z_index=&#8221;10&#8243; medium_width=&#8221;0&#8243; mobile_width=&#8221;0&#8243; width=&#8221;1\/1&#8243; uncode_shortcode_id=&#8221;161603&#8243;][uncode_index el_id=&#8221;index-192096&#8243; index_type=&#8221;carousel&#8221; loop=&#8221;size:10|order_by:date|post_type:post|categories:8|taxonomy_count:10&#8243; carousel_lg=&#8221;3&#8243; carousel_md=&#8221;3&#8243; carousel_sm=&#8221;1&#8243; thumb_size=&#8221;four-three&#8221; gutter_size=&#8221;0&#8243; post_items=&#8221;media|featured|onpost|original,title,text|full|150&#8243; carousel_height=&#8221;equal&#8221; carousel_interval=&#8221;0&#8243; carousel_navspeed=&#8221;400&#8243; carousel_nav=&#8221;yes&#8221; stage_padding=&#8221;0&#8243; single_text=&#8221;overlay&#8221; single_back_color=&#8221;color-lxmt&#8221; single_overlay_opacity=&#8221;87&#8243; single_overlay_visible=&#8221;yes&#8221; single_text_visible=&#8221;yes&#8221; single_padding=&#8221;2&#8243; single_title_dimension=&#8221;h4&#8243; single_title_weight=&#8221;600&#8243; single_border=&#8221;yes&#8221; custom_order=&#8221;yes&#8221; uncode_shortcode_id=&#8221;108648&#8243; order_ids=&#8221;758,807,809&#8243;][vc_column_text uncode_shortcode_id=&#8221;560010&#8243;]<\/p>\n<p style=\"text-align: left;\"><span style=\"color: #d48c00;\"><a style=\"color: #d48c00;\" href=\"https:\/\/hackagrifood.lt\/en\/category\/news\/\">All news<\/a><\/span><\/p>\n<p>[\/vc_column_text][\/vc_column_inner][\/vc_row_inner][\/vc_column][\/vc_row][vc_row row_height_percent=&#8221;0&#8243; override_padding=&#8221;yes&#8221; h_padding=&#8221;2&#8243; top_padding=&#8221;3&#8243; bottom_padding=&#8221;3&#8243; back_color=&#8221;color-156213&#8243; back_image=&#8221;535&#8243; overlay_color=&#8221;color-156213&#8243; overlay_alpha=&#8221;90&#8243; gutter_size=&#8221;3&#8243; column_width_percent=&#8221;100&#8243; shift_y=&#8221;0&#8243; z_index=&#8221;0&#8243; uncode_shortcode_id=&#8221;118212&#8243; back_color_type=&#8221;uncode-palette&#8221; overlay_color_type=&#8221;uncode-palette&#8221;][vc_column column_width_percent=&#8221;100&#8243; position_vertical=&#8221;middle&#8221; align_horizontal=&#8221;align_center&#8221; gutter_size=&#8221;0&#8243; style=&#8221;dark&#8221; overlay_alpha=&#8221;50&#8243; shift_x=&#8221;0&#8243; shift_y=&#8221;0&#8243; shift_y_down=&#8221;0&#8243; z_index=&#8221;0&#8243; medium_width=&#8221;0&#8243; mobile_width=&#8221;0&#8243; width=&#8221;1\/1&#8243; uncode_shortcode_id=&#8221;349563&#8243;][vc_row_inner limit_content=&#8221;&#8221;][vc_column_inner column_width_percent=&#8221;100&#8243; position_vertical=&#8221;middle&#8221; gutter_size=&#8221;3&#8243; style=&#8221;dark&#8221; overlay_alpha=&#8221;50&#8243; shift_x=&#8221;0&#8243; shift_y=&#8221;0&#8243; shift_y_down=&#8221;0&#8243; z_index=&#8221;0&#8243; medium_width=&#8221;0&#8243; mobile_width=&#8221;0&#8243; width=&#8221;3\/4&#8243; uncode_shortcode_id=&#8221;148196&#8243;][vc_custom_heading text_size=&#8221;h1&#8243; uncode_shortcode_id=&#8221;971533&#8243;]Win a cash prize[\/vc_custom_heading][\/vc_column_inner][vc_column_inner column_width_percent=&#8221;100&#8243; gutter_size=&#8221;3&#8243; overlay_alpha=&#8221;50&#8243; shift_x=&#8221;0&#8243; shift_y=&#8221;0&#8243; shift_y_down=&#8221;0&#8243; z_index=&#8221;0&#8243; medium_width=&#8221;0&#8243; mobile_width=&#8221;0&#8243; width=&#8221;1\/4&#8243; uncode_shortcode_id=&#8221;312167&#8243;][vc_custom_heading text_color=&#8221;color-179054&#8243; text_size=&#8221;fontsize-140704&#8243; uncode_shortcode_id=&#8221;761754&#8243; text_color_type=&#8221;uncode-palette&#8221;]<i class=\"fa fa-trophy2 fa-1x fa-fw\"><\/i>2 000 \u20ac[\/vc_custom_heading][\/vc_column_inner][\/vc_row_inner][\/vc_column][\/vc_row][vc_row row_height_percent=&#8221;0&#8243; override_padding=&#8221;yes&#8221; h_padding=&#8221;2&#8243; top_padding=&#8221;3&#8243; bottom_padding=&#8221;3&#8243; back_color=&#8221;color-xsdn&#8221; overlay_alpha=&#8221;50&#8243; gutter_size=&#8221;3&#8243; column_width_percent=&#8221;100&#8243; shift_y=&#8221;0&#8243; z_index=&#8221;0&#8243; uncode_shortcode_id=&#8221;591858&#8243; back_color_type=&#8221;uncode-palette&#8221;][vc_column width=&#8221;1\/1&#8243;][vc_custom_heading text_color=&#8221;accent&#8221; text_size=&#8221;h1&#8243; uncode_shortcode_id=&#8221;105445&#8243; text_color_type=&#8221;uncode-palette&#8221;]Challenges[\/vc_custom_heading][uncode_index el_id=&#8221;index-552138&#8243; loop=&#8221;size:all|order_by:date|post_type:post|categories:9|taxonomy_count:10&#8243; gutter_size=&#8221;3&#8243; post_items=&#8221;media|featured|onpost|original,title&#8221; screen_lg=&#8221;1000&#8243; screen_md=&#8221;600&#8243; screen_sm=&#8221;480&#8243; single_text=&#8221;overlay&#8221; single_shape=&#8221;round&#8221; radius=&#8221;std&#8221; single_overlay_opacity=&#8221;75&#8243; single_overlay_visible=&#8221;yes&#8221; single_text_visible=&#8221;yes&#8221; single_v_position=&#8221;bottom&#8221; single_padding=&#8221;2&#8243; single_title_semantic=&#8221;h2&#8243; single_title_dimension=&#8221;h4&#8243; single_border=&#8221;yes&#8221; uncode_shortcode_id=&#8221;322043&#8243;][\/vc_column][\/vc_row][vc_row row_height_percent=&#8221;0&#8243; override_padding=&#8221;yes&#8221; h_padding=&#8221;2&#8243; top_padding=&#8221;3&#8243; bottom_padding=&#8221;3&#8243; overlay_alpha=&#8221;50&#8243; gutter_size=&#8221;3&#8243; column_width_percent=&#8221;100&#8243; shift_y=&#8221;0&#8243; z_index=&#8221;0&#8243; uncode_shortcode_id=&#8221;179338&#8243; row_name=&#8221;speakers&#8221;][vc_column width=&#8221;1\/1&#8243;][vc_row_inner row_inner_height_percent=&#8221;0&#8243; overlay_alpha=&#8221;50&#8243; gutter_size=&#8221;3&#8243; shift_y=&#8221;0&#8243; z_index=&#8221;0&#8243; mobile_visibility=&#8221;yes&#8221; uncode_shortcode_id=&#8221;152213&#8243; limit_content=&#8221;&#8221;][vc_column_inner width=&#8221;1\/1&#8243;][vc_single_image media=&#8221;1114&#8243; media_width_percent=&#8221;100&#8243; uncode_shortcode_id=&#8221;136706&#8243;][\/vc_column_inner][\/vc_row_inner][vc_row_inner row_inner_height_percent=&#8221;0&#8243; overlay_alpha=&#8221;50&#8243; gutter_size=&#8221;3&#8243; shift_y=&#8221;0&#8243; z_index=&#8221;0&#8243; desktop_visibility=&#8221;yes&#8221; medium_visibility=&#8221;yes&#8221; uncode_shortcode_id=&#8221;149963&#8243; limit_content=&#8221;&#8221;][vc_column_inner width=&#8221;1\/1&#8243;][vc_custom_heading text_color=&#8221;color-143686&#8243; uncode_shortcode_id=&#8221;169189&#8243; text_color_type=&#8221;uncode-palette&#8221;]Experts &amp; mentors[\/vc_custom_heading][\/vc_column_inner][\/vc_row_inner][vc_row_inner row_inner_height_percent=&#8221;0&#8243; overlay_alpha=&#8221;50&#8243; gutter_size=&#8221;3&#8243; shift_y=&#8221;0&#8243; z_index=&#8221;0&#8243; desktop_visibility=&#8221;yes&#8221; medium_visibility=&#8221;yes&#8221; mobile_visibility=&#8221;yes&#8221; uncode_shortcode_id=&#8221;662612&#8243; limit_content=&#8221;&#8221;][vc_column_inner column_width_percent=&#8221;100&#8243; gutter_size=&#8221;3&#8243; overlay_alpha=&#8221;50&#8243; shift_x=&#8221;0&#8243; shift_y=&#8221;0&#8243; shift_y_down=&#8221;0&#8243; z_index=&#8221;0&#8243; medium_width=&#8221;0&#8243; mobile_width=&#8221;0&#8243; width=&#8221;1\/1&#8243; uncode_shortcode_id=&#8221;109976&#8243;][vc_column_text uncode_shortcode_id=&#8221;401739&#8243;]To be announced soon[\/vc_column_text][\/vc_column_inner][\/vc_row_inner][vc_row_inner row_inner_height_percent=&#8221;0&#8243; overlay_alpha=&#8221;50&#8243; gutter_size=&#8221;3&#8243; shift_y=&#8221;0&#8243; z_index=&#8221;0&#8243; uncode_shortcode_id=&#8221;369905&#8243; limit_content=&#8221;&#8221;][vc_column_inner column_width_percent=&#8221;100&#8243; gutter_size=&#8221;3&#8243; overlay_alpha=&#8221;50&#8243; shift_x=&#8221;0&#8243; shift_y=&#8221;0&#8243; shift_y_down=&#8221;0&#8243; z_index=&#8221;0&#8243; medium_width=&#8221;0&#8243; mobile_width=&#8221;0&#8243; width=&#8221;1\/1&#8243; uncode_shortcode_id=&#8221;109976&#8243;][uncode_index el_id=&#8221;index-1063429&#8243; isotope_mode=&#8221;fitRows&#8221; loop=&#8221;size:All|order_by:date|order:ASC|post_type:post|categories:16|taxonomy_count:10&#8243; auto_query=&#8221;yes&#8221; gutter_size=&#8221;3&#8243; post_items=&#8221;media|featured|nolink|original,title,detail-122511,detail-925697,detail-205930&#8243; screen_lg=&#8221;1000&#8243; screen_md=&#8221;600&#8243; screen_sm=&#8221;480&#8243; single_width=&#8221;3&#8243; single_back_color=&#8221;color-lxmt&#8221; single_shape=&#8221;round&#8221; radius=&#8221;xs&#8221; single_overlay_opacity=&#8221;1&#8243; single_text_anim=&#8221;no&#8221; single_image_anim=&#8221;no&#8221; single_padding=&#8221;2&#8243; single_title_semantic=&#8221;h2&#8243; single_title_family=&#8221;font-197754&#8243; single_title_dimension=&#8221;h6&#8243; single_text_lead=&#8221;small&#8221; single_shadow=&#8221;yes&#8221; shadow_weight=&#8221;std&#8221; single_border=&#8221;yes&#8221; custom_order=&#8221;yes&#8221; uncode_shortcode_id=&#8221;565914&#8243; order_ids=&#8221;1062,1063,1061,1620,1625,1028,1610,1604,1598,1592,1585,1569,1563,1555,1548,1542,1535,1529,1523,1517,1502,1511,1134,1060,1058,1057,1054,1053,1051,1032,1031,1030,1029,1059,1018&#8243;][vc_column_text uncode_shortcode_id=&#8221;206101&#8243;]*The list of mentors will be updated.[\/vc_column_text][\/vc_column_inner][\/vc_row_inner][\/vc_column][\/vc_row][vc_row row_height_percent=&#8221;0&#8243; override_padding=&#8221;yes&#8221; h_padding=&#8221;2&#8243; top_padding=&#8221;4&#8243; bottom_padding=&#8221;4&#8243; back_color=&#8221;color-lxmt&#8221; overlay_alpha=&#8221;50&#8243; gutter_size=&#8221;3&#8243; column_width_percent=&#8221;100&#8243; shift_y=&#8221;0&#8243; z_index=&#8221;0&#8243; uncode_shortcode_id=&#8221;944174&#8243; row_name=&#8221;programa&#8221; back_color_type=&#8221;uncode-palette&#8221;][vc_column column_width_percent=&#8221;100&#8243; position_vertical=&#8221;middle&#8221; align_horizontal=&#8221;align_center&#8221; gutter_size=&#8221;2&#8243; overlay_alpha=&#8221;50&#8243; shift_x=&#8221;0&#8243; shift_y=&#8221;0&#8243; shift_y_down=&#8221;0&#8243; z_index=&#8221;0&#8243; medium_width=&#8221;0&#8243; mobile_width=&#8221;0&#8243; width=&#8221;1\/1&#8243; uncode_shortcode_id=&#8221;846324&#8243;][vc_custom_heading text_color=&#8221;accent&#8221; text_size=&#8221;h1&#8243; text_transform=&#8221;uppercase&#8221; uncode_shortcode_id=&#8221;146677&#8243; text_color_type=&#8221;uncode-palette&#8221;]Agenda[\/vc_custom_heading][vc_empty_space empty_h=&#8221;2&#8243;][vc_row_inner row_inner_height_percent=&#8221;0&#8243; overlay_alpha=&#8221;50&#8243; equal_height=&#8221;yes&#8221; gutter_size=&#8221;2&#8243; shift_y=&#8221;0&#8243; z_index=&#8221;0&#8243; uncode_shortcode_id=&#8221;136942&#8243; limit_content=&#8221;&#8221;][vc_column_inner column_width_percent=&#8221;100&#8243; gutter_size=&#8221;3&#8243; back_color=&#8221;color-179054&#8243; overlay_alpha=&#8221;50&#8243; shift_x=&#8221;0&#8243; shift_y=&#8221;0&#8243; shift_y_down=&#8221;0&#8243; z_index=&#8221;0&#8243; medium_width=&#8221;0&#8243; mobile_width=&#8221;0&#8243; radius=&#8221;std&#8221; shadow=&#8221;std&#8221; width=&#8221;1\/3&#8243; uncode_shortcode_id=&#8221;114557&#8243; back_color_type=&#8221;uncode-palette&#8221;][vc_custom_heading text_color=&#8221;color-jevc&#8221; text_size=&#8221;h3&#8243; uncode_shortcode_id=&#8221;180202&#8243; text_color_type=&#8221;uncode-palette&#8221;]Recruitment[\/vc_custom_heading][vc_separator sep_color=&#8221;&#8221; uncode_shortcode_id=&#8221;520462&#8243;][vc_column_text text_lead=&#8221;yes&#8221; uncode_shortcode_id=&#8221;212827&#8243;]<strong><span style=\"color: #d48c00;\">October 11th:<\/span><\/strong> Registration of participants is open until the end of this day.<\/p>\n<p><strong><span style=\"color: #d48c00;\">October 12th:<\/span><\/strong> Participants of the HACK AgriFood\u201923 Challenge Labs will be announced.<\/p>\n<p><strong><span style=\"color: #d48c00;\">October 13th-16th:<\/span><\/strong> Teamed-up groups of participants perform preparation tasks. [\/vc_column_text][\/vc_column_inner][vc_column_inner column_width_percent=&#8221;100&#8243; gutter_size=&#8221;3&#8243; back_color=&#8221;color-lxmt&#8221; overlay_alpha=&#8221;50&#8243; shift_x=&#8221;0&#8243; shift_y=&#8221;0&#8243; shift_y_down=&#8221;0&#8243; z_index=&#8221;0&#8243; medium_width=&#8221;0&#8243; mobile_width=&#8221;0&#8243; radius=&#8221;std&#8221; shadow=&#8221;std&#8221; width=&#8221;1\/3&#8243; uncode_shortcode_id=&#8221;167646&#8243; back_color_type=&#8221;uncode-palette&#8221; el_class=&#8221;programa&#8221;][vc_custom_heading text_color=&#8221;color-jevc&#8221; text_size=&#8221;h3&#8243; uncode_shortcode_id=&#8221;684306&#8243; text_color_type=&#8221;uncode-palette&#8221;]October 17th [\/vc_custom_heading][vc_separator sep_color=&#8221;&#8221; uncode_shortcode_id=&#8221;520462&#8243;][vc_column_text text_lead=&#8221;yes&#8221; uncode_shortcode_id=&#8221;117044&#8243;]<strong><span style=\"color: #d48c00;\">9:00<em>\u2013<\/em>9:10<\/span><\/strong> Opening of the HACK AgriFood\u201923 Challenge Lab.<\/p>\n<p><em>Kristina \u0160ermuk\u0161nyt\u0117-Ale\u0161i\u016bnien\u0117 | CEO of AgriFood Lithuania, European Cluster Manager of the Year 2022<\/em><\/p>\n<p><strong><span style=\"color: #d48c00;\">9:10<em>\u2013<\/em>9:25<\/span><\/strong> Presentation: \u201cThe main today\u2019s challenges in the agrifood sector from investors\u2019 perspectives\u201d<\/p>\n<p><em>Augustas Ale\u0161i\u016bnas | Founder of the digital innovation company \u201cART21,\u201d a business angel, and an expert in agricultural digital innovations and startup ecosystem with years of experience<\/em><\/p>\n<p><strong><span style=\"color: #d48c00;\">9:25<em>\u2013<\/em>9:55<\/span><\/strong> Time for getting to know each other<\/p>\n<p><strong><span style=\"color: #d48c00;\">9:55<em>\u2013<\/em>10:10<\/span><\/strong> Coffee Break<\/p>\n<p><strong><span style=\"color: #d48c00;\">10:10<em>\u2013<\/em>10:25<\/span><\/strong> Presentation: \u201cHow to create a financially sustainable business idea?\u201d<\/p>\n<p><em>Kristina Leknickait\u0117-Stepulaitien\u0117 | &#8220;FinAgro&#8221; Head of the Finance Division<\/em><\/p>\n<p><strong><span style=\"color: #d48c00;\">10:25<em>\u2013<\/em>13:00<\/span><\/strong> Creative workshop<\/p>\n<p><strong><span style=\"color: #d48c00;\">13:00<em>\u2013<\/em>14:00<\/span><\/strong> Lunch<\/p>\n<p><strong><span style=\"color: #d48c00;\">14:00<em>\u2013<\/em>15:30<\/span><\/strong> Validation of ideas with mentors and clients<\/p>\n<p><strong><span style=\"color: #d48c00;\">15:30<em>\u2013<\/em>15:45<\/span><\/strong> Coffee Break<\/p>\n<p><strong><span style=\"color: #d48c00;\">15:45<em>\u2013<\/em>17:45<\/span><\/strong> Creative workshop<\/p>\n<p><strong><span style=\"color: #d48c00;\">17:45<em>\u2013<\/em>18:00<\/span><\/strong> Wrap up of the first day[\/vc_column_text][\/vc_column_inner][vc_column_inner column_width_percent=&#8221;100&#8243; gutter_size=&#8221;3&#8243; back_color=&#8221;color-gyho&#8221; overlay_alpha=&#8221;50&#8243; shift_x=&#8221;0&#8243; shift_y=&#8221;0&#8243; shift_y_down=&#8221;0&#8243; z_index=&#8221;0&#8243; medium_width=&#8221;0&#8243; mobile_width=&#8221;0&#8243; radius=&#8221;std&#8221; shadow=&#8221;std&#8221; width=&#8221;1\/3&#8243; uncode_shortcode_id=&#8221;117277&#8243; back_color_type=&#8221;uncode-palette&#8221; el_class=&#8221;programa&#8221;][vc_custom_heading text_color=&#8221;color-jevc&#8221; text_size=&#8221;h3&#8243; uncode_shortcode_id=&#8221;116064&#8243; text_color_type=&#8221;uncode-palette&#8221;]October 18th [\/vc_custom_heading][vc_separator sep_color=&#8221;color-uydo&#8221; uncode_shortcode_id=&#8221;570211&#8243; sep_color_type=&#8221;uncode-palette&#8221;][vc_column_text text_lead=&#8221;yes&#8221; uncode_shortcode_id=&#8221;165781&#8243;]<strong><span style=\"color: #d48c00;\">9:00<em>\u2013<\/em>9:05<\/span><\/strong> Opening of the second day<\/p>\n<p><strong><span style=\"color: #d48c00;\">9:05<em>\u2013<\/em>11:00<\/span><\/strong> Prototyping<\/p>\n<p><strong><span style=\"color: #d48c00;\">11:00<em>\u2013<\/em>12:30<\/span><\/strong> Review of developed prototypes with mentors and clients<\/p>\n<p><strong><span style=\"color: #d48c00;\">12:30<em>\u2013<\/em>13:30<\/span><\/strong> Lunch<\/p>\n<p><strong><span style=\"color: #d48c00;\">13:30<em>\u2013<\/em>13:45<\/span><\/strong> Presentation: \u201cKey principles of the perfect pitch\u201d<\/p>\n<p><em>Skaidra Vaicekauskien\u0117<\/em><\/p>\n<p><strong><span style=\"color: #d48c00;\">13:45<em>\u2013<\/em>15:15<\/span><\/strong> Preparation for pitches<\/p>\n<p><strong><span style=\"color: #d48c00;\">15:15<em>\u2013<\/em>16:45<\/span><\/strong> Presentation of ideas to the jury<\/p>\n<p><strong><span style=\"color: #d48c00;\">16:45<em>\u2013<\/em>17:15<\/span><\/strong> Jury meeting<\/p>\n<p><strong><span style=\"color: #d48c00;\">17:15<em>\u2013<\/em>17:30<\/span><\/strong>\u00a0Announcement of the results and award ceremony[\/vc_column_text][\/vc_column_inner][\/vc_row_inner][\/vc_column][\/vc_row][vc_row row_height_percent=&#8221;0&#8243; override_padding=&#8221;yes&#8221; h_padding=&#8221;2&#8243; top_padding=&#8221;3&#8243; bottom_padding=&#8221;3&#8243; back_color=&#8221;color-156213&#8243; back_image=&#8221;535&#8243; overlay_color=&#8221;color-156213&#8243; overlay_alpha=&#8221;95&#8243; gutter_size=&#8221;3&#8243; column_width_percent=&#8221;100&#8243; shift_y=&#8221;0&#8243; z_index=&#8221;0&#8243; desktop_visibility=&#8221;yes&#8221; medium_visibility=&#8221;yes&#8221; mobile_visibility=&#8221;yes&#8221; uncode_shortcode_id=&#8221;429302&#8243; back_color_type=&#8221;uncode-palette&#8221; overlay_color_type=&#8221;uncode-palette&#8221;][vc_column column_width_percent=&#8221;100&#8243; position_vertical=&#8221;middle&#8221; align_horizontal=&#8221;align_center&#8221; gutter_size=&#8221;0&#8243; style=&#8221;dark&#8221; overlay_alpha=&#8221;50&#8243; shift_x=&#8221;0&#8243; shift_y=&#8221;0&#8243; shift_y_down=&#8221;0&#8243; z_index=&#8221;0&#8243; medium_width=&#8221;0&#8243; mobile_width=&#8221;0&#8243; width=&#8221;1\/1&#8243; uncode_shortcode_id=&#8221;936144&#8243;][vc_custom_heading text_color=&#8221;color-xsdn&#8221; text_size=&#8221;h3&#8243; uncode_shortcode_id=&#8221;116971&#8243; text_color_type=&#8221;uncode-palette&#8221;]Registration for the HACK AgriFood\u201922 Challenge Labs ends in:[\/vc_custom_heading][uncode_countdown weight=&#8221;400&#8243; date=&#8221;2022\/04\/30&#8243;][\/vc_column][\/vc_row]<\/p>\n","protected":false},"excerpt":{"rendered":"<p>[vc_row unlock_row_content=&#8221;yes&#8221; row_height_percent=&#8221;0&#8243; override_padding=&#8221;yes&#8221; h_padding=&#8221;0&#8243; top_padding=&#8221;0&#8243; bottom_padding=&#8221;0&#8243; overlay_alpha=&#8221;50&#8243; equal_height=&#8221;yes&#8221; gutter_size=&#8221;0&#8243; column_width_percent=&#8221;100&#8243; shift_y=&#8221;0&#8243; z_index=&#8221;0&#8243; uncode_shortcode_id=&#8221;126440&#8243; row_name=&#8221;apie&#8221;][vc_column column_width_percent=&#8221;100&#8243; gutter_size=&#8221;3&#8243; override_padding=&#8221;yes&#8221; column_padding=&#8221;5&#8243; back_color=&#8221;color-179054&#8243; [&hellip;]<\/p>\n","protected":false},"author":1,"featured_media":1414,"parent":0,"menu_order":0,"comment_status":"closed","ping_status":"closed","template":"","meta":[],"_links":{"self":[{"href":"https:\/\/test.hackagrifood.lt\/en\/wp-json\/wp\/v2\/pages\/1693"}],"collection":[{"href":"https:\/\/test.hackagrifood.lt\/en\/wp-json\/wp\/v2\/pages"}],"about":[{"href":"https:\/\/test.hackagrifood.lt\/en\/wp-json\/wp\/v2\/types\/page"}],"author":[{"embeddable":true,"href":"https:\/\/test.hackagrifood.lt\/en\/wp-json\/wp\/v2\/users\/1"}],"replies":[{"embeddable":true,"href":"https:\/\/test.hackagrifood.lt\/en\/wp-json\/wp\/v2\/comments?post=1693"}],"version-history":[{"count":14,"href":"https:\/\/test.hackagrifood.lt\/en\/wp-json\/wp\/v2\/pages\/1693\/revisions"}],"predecessor-version":[{"id":1913,"href":"https:\/\/test.hackagrifood.lt\/en\/wp-json\/wp\/v2\/pages\/1693\/revisions\/1913"}],"wp:featuredmedia":[{"embeddable":true,"href":"https:\/\/test.hackagrifood.lt\/en\/wp-json\/wp\/v2\/media\/1414"}],"wp:attachment":[{"href":"https:\/\/test.hackagrifood.lt\/en\/wp-json\/wp\/v2\/media?parent=1693"}],"curies":[{"name":"wp","href":"https:\/\/api.w.org\/{rel}","templated":true}]}}