{"id":1372,"date":"2022-03-11T12:03:42","date_gmt":"2022-03-11T12:03:42","guid":{"rendered":"https:\/\/hackagrifood.lt\/?page_id=1372"},"modified":"2022-03-22T17:50:42","modified_gmt":"2022-03-22T17:50:42","slug":"hack-agrifood-challenge-lab21","status":"publish","type":"page","link":"https:\/\/test.hackagrifood.lt\/en\/hack-agrifood-challenge-lab21\/","title":{"rendered":"Hack AgriFood Challenge Lab&#8217;21"},"content":{"rendered":"<p>[vc_row unlock_row_content=&#8221;yes&#8221; row_height_percent=&#8221;0&#8243; override_padding=&#8221;yes&#8221; h_padding=&#8221;0&#8243; top_padding=&#8221;0&#8243; bottom_padding=&#8221;0&#8243; overlay_alpha=&#8221;50&#8243; equal_height=&#8221;yes&#8221; gutter_size=&#8221;0&#8243; column_width_percent=&#8221;100&#8243; shift_y=&#8221;0&#8243; z_index=&#8221;0&#8243; uncode_shortcode_id=&#8221;126440&#8243; row_name=&#8221;apie&#8221;][vc_column column_width_percent=&#8221;100&#8243; gutter_size=&#8221;3&#8243; override_padding=&#8221;yes&#8221; column_padding=&#8221;5&#8243; back_color=&#8221;color-179054&#8243; overlay_alpha=&#8221;50&#8243; shift_x=&#8221;0&#8243; shift_y=&#8221;0&#8243; shift_y_down=&#8221;0&#8243; z_index=&#8221;0&#8243; medium_width=&#8221;0&#8243; mobile_width=&#8221;0&#8243; width=&#8221;1\/2&#8243; uncode_shortcode_id=&#8221;671329&#8243; back_color_type=&#8221;uncode-palette&#8221;][vc_custom_heading text_color=&#8221;color-143686&#8243; uncode_shortcode_id=&#8221;182249&#8243; text_color_type=&#8221;uncode-palette&#8221;]About HACK AgriFood&#8217;21 Challenge Lab[\/vc_custom_heading][vc_column_text uncode_shortcode_id=&#8221;147476&#8243;]This year, the annual hackathon HACK AgriFood will be transformed into the Challenge Labs initiated by the EIT FOOD. It is the leading food innovation initiative in the European Union aiming for a more sustainable, healthier and more reliable food system across the continent.[\/vc_column_text][vc_column_text uncode_shortcode_id=&#8221;106861&#8243;]Individuals from various fields of interest are invited to participate in the Challenge Labs. When the registration ends, all participants will be divided into teams. During creative workshops, teams will seek to offer creative solutions to the challenges posed by the organizers. They will be supported by experienced mentors throughout the event. [\/vc_column_text][\/vc_column][vc_column column_width_percent=&#8221;100&#8243; gutter_size=&#8221;3&#8243; override_padding=&#8221;yes&#8221; column_padding=&#8221;5&#8243; style=&#8221;dark&#8221; back_color=&#8221;color-823810&#8243; back_image=&#8221;414&#8243; overlay_color=&#8221;color-823810&#8243; overlay_alpha=&#8221;91&#8243; shift_x=&#8221;0&#8243; shift_y=&#8221;0&#8243; shift_y_down=&#8221;0&#8243; z_index=&#8221;0&#8243; medium_width=&#8221;0&#8243; mobile_width=&#8221;0&#8243; width=&#8221;1\/2&#8243; uncode_shortcode_id=&#8221;605435&#8243; back_color_type=&#8221;uncode-palette&#8221; overlay_color_type=&#8221;uncode-palette&#8221;][vc_custom_heading text_color=&#8221;color-143686&#8243; uncode_shortcode_id=&#8221;118238&#8243; text_color_type=&#8221;uncode-palette&#8221;]Why is it worth to participate?[\/vc_custom_heading][uncode_list icon=&#8221;fa fa-check&#8221; icon_color=&#8221;accent&#8221; uncode_shortcode_id=&#8221;888751&#8243; icon_color_type=&#8221;uncode-palette&#8221;]<\/p>\n<ul>\n<li>You will have a chance to win a cash prize (the winning team will be awarded a prize of EUR 2,000).<\/li>\n<li>During the mentoring sessions, you will gain valuable experience and learn from professionals.<\/li>\n<li>You will make new connections with other young innovators from business, academia, industry and other fields.<\/li>\n<li>You will be visible to a wide network of international EIT FOOD partners across Europe.<\/li>\n<li>The winning team will be presented at the International AgriFood Forum 2021.<\/li>\n<\/ul>\n<p>[\/uncode_list][\/vc_column][\/vc_row][vc_row row_height_percent=&#8221;0&#8243; override_padding=&#8221;yes&#8221; h_padding=&#8221;2&#8243; top_padding=&#8221;4&#8243; bottom_padding=&#8221;4&#8243; back_color=&#8221;color-lxmt&#8221; back_image=&#8221;522&#8243; overlay_alpha=&#8221;50&#8243; gutter_size=&#8221;3&#8243; column_width_percent=&#8221;100&#8243; shift_y=&#8221;0&#8243; z_index=&#8221;0&#8243; uncode_shortcode_id=&#8221;702221&#8243; row_name=&#8221;naujienos&#8221; back_color_type=&#8221;uncode-palette&#8221;][vc_column width=&#8221;1\/1&#8243;][vc_single_image media=&#8221;748&#8243; media_width_percent=&#8221;34&#8243; uncode_shortcode_id=&#8221;214392&#8243;][vc_row_inner][vc_column_inner column_width_percent=&#8221;100&#8243; gutter_size=&#8221;3&#8243; overlay_alpha=&#8221;50&#8243; shift_x=&#8221;0&#8243; shift_y=&#8221;0&#8243; shift_y_down=&#8221;0&#8243; z_index=&#8221;10&#8243; medium_width=&#8221;0&#8243; mobile_width=&#8221;0&#8243; width=&#8221;1\/1&#8243; uncode_shortcode_id=&#8221;161603&#8243;][uncode_index el_id=&#8221;index-192096&#8243; index_type=&#8221;carousel&#8221; loop=&#8221;size:10|order_by:date|post_type:post|categories:8|taxonomy_count:10&#8243; carousel_lg=&#8221;3&#8243; carousel_md=&#8221;3&#8243; carousel_sm=&#8221;1&#8243; thumb_size=&#8221;four-three&#8221; gutter_size=&#8221;0&#8243; post_items=&#8221;media|featured|onpost|original,title,text|full|150&#8243; carousel_height=&#8221;equal&#8221; carousel_interval=&#8221;0&#8243; carousel_navspeed=&#8221;400&#8243; carousel_nav=&#8221;yes&#8221; stage_padding=&#8221;0&#8243; single_text=&#8221;overlay&#8221; single_back_color=&#8221;color-lxmt&#8221; single_overlay_opacity=&#8221;87&#8243; single_overlay_visible=&#8221;yes&#8221; single_text_visible=&#8221;yes&#8221; single_padding=&#8221;2&#8243; single_title_dimension=&#8221;h4&#8243; single_title_weight=&#8221;600&#8243; single_border=&#8221;yes&#8221; custom_order=&#8221;yes&#8221; uncode_shortcode_id=&#8221;108648&#8243; order_ids=&#8221;758,807,809&#8243;][vc_column_text uncode_shortcode_id=&#8221;560010&#8243;]<\/p>\n<p style=\"text-align: left;\"><span style=\"color: #d48c00;\"><a style=\"color: #d48c00;\" href=\"https:\/\/hackagrifood.lt\/en\/category\/news\/\">All news<\/a><\/span><\/p>\n<p>[\/vc_column_text][\/vc_column_inner][\/vc_row_inner][\/vc_column][\/vc_row][vc_row row_height_percent=&#8221;0&#8243; override_padding=&#8221;yes&#8221; h_padding=&#8221;2&#8243; top_padding=&#8221;3&#8243; bottom_padding=&#8221;3&#8243; back_color=&#8221;color-156213&#8243; back_image=&#8221;535&#8243; overlay_color=&#8221;color-156213&#8243; overlay_alpha=&#8221;90&#8243; gutter_size=&#8221;3&#8243; column_width_percent=&#8221;100&#8243; shift_y=&#8221;0&#8243; z_index=&#8221;0&#8243; uncode_shortcode_id=&#8221;118212&#8243; back_color_type=&#8221;uncode-palette&#8221; overlay_color_type=&#8221;uncode-palette&#8221;][vc_column column_width_percent=&#8221;100&#8243; position_vertical=&#8221;middle&#8221; align_horizontal=&#8221;align_center&#8221; gutter_size=&#8221;0&#8243; style=&#8221;dark&#8221; overlay_alpha=&#8221;50&#8243; shift_x=&#8221;0&#8243; shift_y=&#8221;0&#8243; shift_y_down=&#8221;0&#8243; z_index=&#8221;0&#8243; medium_width=&#8221;0&#8243; mobile_width=&#8221;0&#8243; width=&#8221;1\/1&#8243; uncode_shortcode_id=&#8221;349563&#8243;][vc_row_inner][vc_column_inner column_width_percent=&#8221;100&#8243; position_vertical=&#8221;middle&#8221; gutter_size=&#8221;3&#8243; style=&#8221;dark&#8221; overlay_alpha=&#8221;50&#8243; shift_x=&#8221;0&#8243; shift_y=&#8221;0&#8243; shift_y_down=&#8221;0&#8243; z_index=&#8221;0&#8243; medium_width=&#8221;0&#8243; mobile_width=&#8221;0&#8243; width=&#8221;3\/4&#8243; uncode_shortcode_id=&#8221;148196&#8243;][vc_custom_heading text_size=&#8221;h1&#8243; uncode_shortcode_id=&#8221;971533&#8243;]Win a cash prize[\/vc_custom_heading][\/vc_column_inner][vc_column_inner column_width_percent=&#8221;100&#8243; gutter_size=&#8221;3&#8243; overlay_alpha=&#8221;50&#8243; shift_x=&#8221;0&#8243; shift_y=&#8221;0&#8243; shift_y_down=&#8221;0&#8243; z_index=&#8221;0&#8243; medium_width=&#8221;0&#8243; mobile_width=&#8221;0&#8243; width=&#8221;1\/4&#8243; uncode_shortcode_id=&#8221;312167&#8243;][vc_custom_heading text_color=&#8221;color-179054&#8243; text_size=&#8221;fontsize-140704&#8243; uncode_shortcode_id=&#8221;761754&#8243; text_color_type=&#8221;uncode-palette&#8221;]<i class=\"fa fa-trophy2 fa-1x fa-fw\"><\/i>2 000 \u20ac[\/vc_custom_heading][\/vc_column_inner][\/vc_row_inner][\/vc_column][\/vc_row][vc_row row_height_percent=&#8221;0&#8243; override_padding=&#8221;yes&#8221; h_padding=&#8221;2&#8243; top_padding=&#8221;3&#8243; bottom_padding=&#8221;3&#8243; back_color=&#8221;color-xsdn&#8221; overlay_alpha=&#8221;50&#8243; gutter_size=&#8221;3&#8243; column_width_percent=&#8221;100&#8243; shift_y=&#8221;0&#8243; z_index=&#8221;0&#8243; uncode_shortcode_id=&#8221;591858&#8243; back_color_type=&#8221;uncode-palette&#8221;][vc_column width=&#8221;1\/1&#8243;][vc_custom_heading text_color=&#8221;accent&#8221; text_size=&#8221;h1&#8243; uncode_shortcode_id=&#8221;105445&#8243; text_color_type=&#8221;uncode-palette&#8221;]Challenges[\/vc_custom_heading][uncode_index el_id=&#8221;index-552138&#8243; loop=&#8221;size:6|order_by:date|post_type:post|categories:5|taxonomy_count:10&#8243; gutter_size=&#8221;3&#8243; post_items=&#8221;media|featured|onpost|original,title&#8221; screen_lg=&#8221;1000&#8243; screen_md=&#8221;600&#8243; screen_sm=&#8221;480&#8243; single_text=&#8221;overlay&#8221; single_shape=&#8221;round&#8221; radius=&#8221;std&#8221; single_overlay_opacity=&#8221;75&#8243; single_overlay_visible=&#8221;yes&#8221; single_text_visible=&#8221;yes&#8221; single_v_position=&#8221;bottom&#8221; single_padding=&#8221;2&#8243; single_title_semantic=&#8221;h2&#8243; single_title_dimension=&#8221;h2&#8243; single_border=&#8221;yes&#8221; uncode_shortcode_id=&#8221;210522&#8243;][\/vc_column][\/vc_row][vc_row row_height_percent=&#8221;0&#8243; override_padding=&#8221;yes&#8221; h_padding=&#8221;2&#8243; top_padding=&#8221;3&#8243; bottom_padding=&#8221;3&#8243; overlay_alpha=&#8221;50&#8243; gutter_size=&#8221;3&#8243; column_width_percent=&#8221;100&#8243; shift_y=&#8221;0&#8243; z_index=&#8221;0&#8243; uncode_shortcode_id=&#8221;179338&#8243; row_name=&#8221;speakers&#8221;][vc_column width=&#8221;1\/1&#8243;][vc_row_inner row_inner_height_percent=&#8221;0&#8243; overlay_alpha=&#8221;50&#8243; gutter_size=&#8221;3&#8243; shift_y=&#8221;0&#8243; z_index=&#8221;0&#8243; mobile_visibility=&#8221;yes&#8221; uncode_shortcode_id=&#8221;152213&#8243;][vc_column_inner width=&#8221;1\/1&#8243;][vc_single_image media=&#8221;1114&#8243; media_width_percent=&#8221;100&#8243; uncode_shortcode_id=&#8221;136706&#8243;][\/vc_column_inner][\/vc_row_inner][vc_row_inner row_inner_height_percent=&#8221;0&#8243; overlay_alpha=&#8221;50&#8243; gutter_size=&#8221;3&#8243; shift_y=&#8221;0&#8243; z_index=&#8221;0&#8243; desktop_visibility=&#8221;yes&#8221; medium_visibility=&#8221;yes&#8221; uncode_shortcode_id=&#8221;149963&#8243;][vc_column_inner width=&#8221;1\/1&#8243;][vc_custom_heading text_color=&#8221;color-143686&#8243; uncode_shortcode_id=&#8221;198429&#8243; text_color_type=&#8221;uncode-palette&#8221;]Eksperts &amp; mentors[\/vc_custom_heading][\/vc_column_inner][\/vc_row_inner][vc_row_inner row_inner_height_percent=&#8221;0&#8243; overlay_alpha=&#8221;50&#8243; gutter_size=&#8221;3&#8243; shift_y=&#8221;0&#8243; z_index=&#8221;0&#8243; uncode_shortcode_id=&#8221;119796&#8243;][vc_column_inner column_width_percent=&#8221;100&#8243; gutter_size=&#8221;3&#8243; overlay_alpha=&#8221;50&#8243; shift_x=&#8221;0&#8243; shift_y=&#8221;0&#8243; shift_y_down=&#8221;0&#8243; z_index=&#8221;0&#8243; medium_width=&#8221;0&#8243; mobile_width=&#8221;0&#8243; width=&#8221;1\/1&#8243; uncode_shortcode_id=&#8221;109976&#8243;][uncode_index el_id=&#8221;index-1063429&#8243; isotope_mode=&#8221;fitRows&#8221; loop=&#8221;size:All|post_type:post|categories:11|taxonomy_count:10&#8243; auto_query=&#8221;yes&#8221; gutter_size=&#8221;3&#8243; post_items=&#8221;media|featured|nolink|original,title,detail-122511,detail-925697,detail-205930&#8243; screen_lg=&#8221;1000&#8243; screen_md=&#8221;600&#8243; screen_sm=&#8221;480&#8243; single_width=&#8221;3&#8243; single_back_color=&#8221;color-lxmt&#8221; single_shape=&#8221;round&#8221; radius=&#8221;xs&#8221; single_overlay_opacity=&#8221;1&#8243; single_text_anim=&#8221;no&#8221; single_image_anim=&#8221;no&#8221; single_padding=&#8221;2&#8243; single_title_semantic=&#8221;h2&#8243; single_title_family=&#8221;font-197754&#8243; single_title_dimension=&#8221;h6&#8243; single_text_lead=&#8221;small&#8221; single_shadow=&#8221;yes&#8221; shadow_weight=&#8221;std&#8221; single_border=&#8221;yes&#8221; custom_order=&#8221;yes&#8221; uncode_shortcode_id=&#8221;142220&#8243; order_ids=&#8221;1059,1060,1062,1063,1018,1057,1053,1061,1064,1056,1055,1052,1022,1027,1028,1108,1058,1054,1051,1032,1031,1030,1029&#8243;][vc_column_text uncode_shortcode_id=&#8221;110345&#8243;]*The list of speakers will be updated.[\/vc_column_text][\/vc_column_inner][\/vc_row_inner][\/vc_column][\/vc_row][vc_row row_height_percent=&#8221;0&#8243; override_padding=&#8221;yes&#8221; h_padding=&#8221;2&#8243; top_padding=&#8221;4&#8243; bottom_padding=&#8221;4&#8243; back_color=&#8221;color-lxmt&#8221; overlay_alpha=&#8221;50&#8243; gutter_size=&#8221;3&#8243; column_width_percent=&#8221;100&#8243; shift_y=&#8221;0&#8243; z_index=&#8221;0&#8243; uncode_shortcode_id=&#8221;944174&#8243; row_name=&#8221;programa&#8221; back_color_type=&#8221;uncode-palette&#8221;][vc_column column_width_percent=&#8221;100&#8243; position_vertical=&#8221;middle&#8221; align_horizontal=&#8221;align_center&#8221; gutter_size=&#8221;2&#8243; overlay_alpha=&#8221;50&#8243; shift_x=&#8221;0&#8243; shift_y=&#8221;0&#8243; shift_y_down=&#8221;0&#8243; z_index=&#8221;0&#8243; medium_width=&#8221;0&#8243; mobile_width=&#8221;0&#8243; width=&#8221;1\/1&#8243; uncode_shortcode_id=&#8221;846324&#8243;][vc_custom_heading text_color=&#8221;accent&#8221; text_size=&#8221;h1&#8243; text_transform=&#8221;uppercase&#8221; uncode_shortcode_id=&#8221;146677&#8243; text_color_type=&#8221;uncode-palette&#8221;]Agenda[\/vc_custom_heading][vc_empty_space empty_h=&#8221;2&#8243;][vc_row_inner row_inner_height_percent=&#8221;0&#8243; overlay_alpha=&#8221;50&#8243; equal_height=&#8221;yes&#8221; gutter_size=&#8221;2&#8243; shift_y=&#8221;0&#8243; z_index=&#8221;0&#8243; uncode_shortcode_id=&#8221;166689&#8243;][vc_column_inner column_width_percent=&#8221;100&#8243; gutter_size=&#8221;3&#8243; back_color=&#8221;color-179054&#8243; overlay_alpha=&#8221;50&#8243; shift_x=&#8221;0&#8243; shift_y=&#8221;0&#8243; shift_y_down=&#8221;0&#8243; z_index=&#8221;0&#8243; medium_width=&#8221;0&#8243; mobile_width=&#8221;0&#8243; radius=&#8221;std&#8221; shadow=&#8221;std&#8221; width=&#8221;1\/3&#8243; uncode_shortcode_id=&#8221;114557&#8243; back_color_type=&#8221;uncode-palette&#8221;][vc_custom_heading text_color=&#8221;color-jevc&#8221; text_size=&#8221;h3&#8243; uncode_shortcode_id=&#8221;180202&#8243; text_color_type=&#8221;uncode-palette&#8221;]Recruitment[\/vc_custom_heading][vc_separator sep_color=&#8221;&#8221; uncode_shortcode_id=&#8221;520462&#8243;][vc_column_text text_lead=&#8221;yes&#8221; uncode_shortcode_id=&#8221;211403&#8243;]<strong><span style=\"color: #d48c00;\">November 14<sup>th<\/sup><\/span><\/strong>\u00a0&#8211; Registration of participants is open until the end of this day. If the required number of participants registers earlier, registration may be ended before November 14.<\/p>\n<p><strong><span style=\"color: #d48c00;\">November 14<sup>th<\/sup><\/span><\/strong> &#8211; Participants of the HACK AgriFood\u201921 Challenge Labs will be announced.<\/p>\n<p><strong><span style=\"color: #d48c00;\">November 15<sup>th<\/sup>-16<sup>th<\/sup><\/span><\/strong> &#8211; Teamed-up groups of participants perform preparation tasks.[\/vc_column_text][\/vc_column_inner][vc_column_inner column_width_percent=&#8221;100&#8243; gutter_size=&#8221;3&#8243; back_color=&#8221;color-lxmt&#8221; overlay_alpha=&#8221;50&#8243; shift_x=&#8221;0&#8243; shift_y=&#8221;0&#8243; shift_y_down=&#8221;0&#8243; z_index=&#8221;0&#8243; medium_width=&#8221;0&#8243; mobile_width=&#8221;0&#8243; radius=&#8221;std&#8221; shadow=&#8221;std&#8221; width=&#8221;1\/3&#8243; uncode_shortcode_id=&#8221;167646&#8243; back_color_type=&#8221;uncode-palette&#8221; el_class=&#8221;programa&#8221;][vc_custom_heading text_color=&#8221;color-jevc&#8221; text_size=&#8221;h3&#8243; uncode_shortcode_id=&#8221;107388&#8243; text_color_type=&#8221;uncode-palette&#8221;]November 17th[\/vc_custom_heading][vc_separator sep_color=&#8221;&#8221; uncode_shortcode_id=&#8221;520462&#8243;][vc_column_text text_lead=&#8221;yes&#8221; uncode_shortcode_id=&#8221;707740&#8243;]<strong><span style=\"color: #d48c00;\">9:00<\/span><\/strong> Opening of the HACK AgriFood\u201921 Challenge Labs<\/p>\n<p><strong><span style=\"color: #d48c00;\">9:10<\/span><\/strong> Presentation: &#8220;Hackathon&#8217;s Success Story: Alternative Proteins, What Can Be Created?&#8221;<\/p>\n<p><em>Milita \u017dygyt\u0117 | Winner of the HACK Digital Sea<\/em><\/p>\n<p><strong><span style=\"color: #d48c00;\">9:25<\/span><\/strong> Time for getting to know each other.<\/p>\n<p><strong><span style=\"color: #d48c00;\">9:45<\/span> <\/strong>Coffee Break<\/p>\n<p><strong><span style=\"color: #d48c00;\">9:55<\/span><\/strong> Mentoring session<\/p>\n<p><strong><span style=\"color: #d48c00;\">11:20<\/span><\/strong> Presentation: \u201cHow to prioritize correctly to meet the challenges?\u201c<\/p>\n<p><em>Alina Laukien\u0117 | Sales and marketing manager at Xplicity<\/em><\/p>\n<p><strong><span style=\"color: #d48c00;\">11:35<\/span> <\/strong>Discussions in teams<\/p>\n<p><strong><span style=\"color: #d48c00;\">12:00<\/span><\/strong> Lunch<\/p>\n<p><strong><span style=\"color: #d48c00;\">13:00<\/span><\/strong> Creative workshop<\/p>\n<p><strong><span style=\"color: #d48c00;\">16:00<\/span><\/strong> Wrap up of the first day[\/vc_column_text][\/vc_column_inner][vc_column_inner column_width_percent=&#8221;100&#8243; gutter_size=&#8221;3&#8243; back_color=&#8221;color-gyho&#8221; overlay_alpha=&#8221;50&#8243; shift_x=&#8221;0&#8243; shift_y=&#8221;0&#8243; shift_y_down=&#8221;0&#8243; z_index=&#8221;0&#8243; medium_width=&#8221;0&#8243; mobile_width=&#8221;0&#8243; radius=&#8221;std&#8221; shadow=&#8221;std&#8221; width=&#8221;1\/3&#8243; uncode_shortcode_id=&#8221;117277&#8243; back_color_type=&#8221;uncode-palette&#8221; el_class=&#8221;programa&#8221;][vc_custom_heading text_color=&#8221;color-jevc&#8221; text_size=&#8221;h3&#8243; uncode_shortcode_id=&#8221;523434&#8243; text_color_type=&#8221;uncode-palette&#8221;]November 18th[\/vc_custom_heading][vc_separator sep_color=&#8221;color-uydo&#8221; uncode_shortcode_id=&#8221;570211&#8243; sep_color_type=&#8221;uncode-palette&#8221;][vc_column_text text_lead=&#8221;yes&#8221; uncode_shortcode_id=&#8221;171456&#8243;]<strong><span style=\"color: #d48c00;\">9:00<\/span><\/strong> Opening of the second day<\/p>\n<p><strong><span style=\"color: #d48c00;\">9:05<\/span><\/strong> Presentation: \u201cWhat solutions to the current challenges are being developed in the market today?\u201c<\/p>\n<p><em>Augustas Ale\u0161i\u016bnas | CEO at ART21<\/em><\/p>\n<p><strong><span style=\"color: #d48c00;\">9:20<\/span><\/strong> Validation of ideas with mentors and clients<\/p>\n<p><strong><span style=\"color: #d48c00;\">10:30<\/span><\/strong> Prototyping<\/p>\n<p><strong><span style=\"color: #d48c00;\">12:15<\/span><\/strong> Lunch<\/p>\n<p><strong><span style=\"color: #d48c00;\">13:00<\/span><\/strong> Review of developed prototypes with mentors and clients<\/p>\n<p><strong><span style=\"color: #d48c00;\">14:30<\/span><\/strong> Presentation: \u201cKey principles of the perfect pitch\u201c<\/p>\n<p><em>Ieva \u0160\u016bmakaryt\u0117 | Events and Pre-accelerator manager at Startup Lithuania<\/em><\/p>\n<p><strong><span style=\"color: #d48c00;\">14:45<\/span><\/strong> Preparation for pitches<\/p>\n<p><strong><span style=\"color: #d48c00;\">16:15<\/span><\/strong> Presentation of ideas to the jury<\/p>\n<p><strong><span style=\"color: #d48c00;\">17:45<\/span><\/strong> Jury meeting<\/p>\n<p><strong><span style=\"color: #d48c00;\">18:15<\/span><\/strong> Announcement of the results and award ceremony[\/vc_column_text][\/vc_column_inner][\/vc_row_inner][\/vc_column][\/vc_row][vc_row row_height_percent=&#8221;0&#8243; override_padding=&#8221;yes&#8221; h_padding=&#8221;2&#8243; top_padding=&#8221;3&#8243; bottom_padding=&#8221;3&#8243; back_color=&#8221;color-156213&#8243; back_image=&#8221;535&#8243; overlay_color=&#8221;color-156213&#8243; overlay_alpha=&#8221;95&#8243; gutter_size=&#8221;3&#8243; column_width_percent=&#8221;100&#8243; shift_y=&#8221;0&#8243; z_index=&#8221;0&#8243; uncode_shortcode_id=&#8221;139488&#8243; back_color_type=&#8221;uncode-palette&#8221; overlay_color_type=&#8221;uncode-palette&#8221;][vc_column column_width_percent=&#8221;100&#8243; position_vertical=&#8221;middle&#8221; align_horizontal=&#8221;align_center&#8221; gutter_size=&#8221;0&#8243; style=&#8221;dark&#8221; overlay_alpha=&#8221;50&#8243; shift_x=&#8221;0&#8243; shift_y=&#8221;0&#8243; shift_y_down=&#8221;0&#8243; z_index=&#8221;0&#8243; medium_width=&#8221;0&#8243; mobile_width=&#8221;0&#8243; width=&#8221;1\/1&#8243; uncode_shortcode_id=&#8221;936144&#8243;][vc_custom_heading text_color=&#8221;color-xsdn&#8221; text_size=&#8221;h3&#8243; uncode_shortcode_id=&#8221;333495&#8243; text_color_type=&#8221;uncode-palette&#8221;]Registration for the HACK AgriFood\u201921 Challenge Labs ends in:[\/vc_custom_heading][uncode_countdown weight=&#8221;400&#8243; date=&#8221;2021\/11\/14&#8243;][\/vc_column][\/vc_row]<\/p>\n","protected":false},"excerpt":{"rendered":"<p>[vc_row unlock_row_content=&#8221;yes&#8221; row_height_percent=&#8221;0&#8243; override_padding=&#8221;yes&#8221; h_padding=&#8221;0&#8243; top_padding=&#8221;0&#8243; bottom_padding=&#8221;0&#8243; overlay_alpha=&#8221;50&#8243; equal_height=&#8221;yes&#8221; gutter_size=&#8221;0&#8243; column_width_percent=&#8221;100&#8243; shift_y=&#8221;0&#8243; z_index=&#8221;0&#8243; uncode_shortcode_id=&#8221;126440&#8243; row_name=&#8221;apie&#8221;][vc_column column_width_percent=&#8221;100&#8243; gutter_size=&#8221;3&#8243; override_padding=&#8221;yes&#8221; column_padding=&#8221;5&#8243; back_color=&#8221;color-179054&#8243; [&hellip;]<\/p>\n","protected":false},"author":1,"featured_media":547,"parent":0,"menu_order":0,"comment_status":"closed","ping_status":"closed","template":"","meta":[],"_links":{"self":[{"href":"https:\/\/test.hackagrifood.lt\/en\/wp-json\/wp\/v2\/pages\/1372"}],"collection":[{"href":"https:\/\/test.hackagrifood.lt\/en\/wp-json\/wp\/v2\/pages"}],"about":[{"href":"https:\/\/test.hackagrifood.lt\/en\/wp-json\/wp\/v2\/types\/page"}],"author":[{"embeddable":true,"href":"https:\/\/test.hackagrifood.lt\/en\/wp-json\/wp\/v2\/users\/1"}],"replies":[{"embeddable":true,"href":"https:\/\/test.hackagrifood.lt\/en\/wp-json\/wp\/v2\/comments?post=1372"}],"version-history":[{"count":1,"href":"https:\/\/test.hackagrifood.lt\/en\/wp-json\/wp\/v2\/pages\/1372\/revisions"}],"predecessor-version":[{"id":1376,"href":"https:\/\/test.hackagrifood.lt\/en\/wp-json\/wp\/v2\/pages\/1372\/revisions\/1376"}],"wp:featuredmedia":[{"embeddable":true,"href":"https:\/\/test.hackagrifood.lt\/en\/wp-json\/wp\/v2\/media\/547"}],"wp:attachment":[{"href":"https:\/\/test.hackagrifood.lt\/en\/wp-json\/wp\/v2\/media?parent=1372"}],"curies":[{"name":"wp","href":"https:\/\/api.w.org\/{rel}","templated":true}]}}